{"id":5408,"date":"2018-05-17T23:13:12","date_gmt":"2018-05-17T21:13:12","guid":{"rendered":"http:\/\/dev.borgosantopietro.com\/attivita\/beyond-borgo\/"},"modified":"2021-10-11T15:15:23","modified_gmt":"2021-10-11T13:15:23","slug":"attivita-oltre-al-borgo","status":"publish","type":"page","link":"https:\/\/borgosantopietro.com\/it\/attivita-oltre-al-borgo\/","title":{"rendered":"Attivit\u00e0 oltre Borgo"},"content":{"rendered":"<ul>\n<li>\n<p>        <img decoding=\"async\" src=\"\/wp-content\/uploads\/2021\/09\/Borgo-Santo-Pietro_TRUFFLE-HUNTING-1.jpg\" alt=\"Borgo Santo Pietro - Concierge\"><\/p>\n<h3>Concierge &#8211; slide 3<\/h3>\n<\/li>\n<li>\n<p>        <img decoding=\"async\" src=\"\/wp-content\/uploads\/2018\/05\/concierge2.jpg\" alt=\"Borgo Santo Pietro - Concierge\"><\/p>\n<h3>Concierge &#8211; slide 1<\/h3>\n<\/li>\n<li>\n<p>        <img decoding=\"async\" src=\"\/wp-content\/uploads\/2018\/05\/concierge3.jpg\" alt=\"Borgo Santo Pietro - Concierge\"><\/p>\n<h3>Concierge &#8211; slide 2<\/h3>\n<\/li>\n<li>\n<p>        <img decoding=\"async\" src=\"\/wp-content\/uploads\/2018\/05\/concierge5.jpg\" alt=\"Borgo Santo Pietro - Concierge\"><\/p>\n<h3>Concierge &#8211; slide 4<\/h3>\n<\/li>\n<\/ul>\n<ul>\n<li>\n<p>        <img decoding=\"async\" src=\"\/wp-content\/uploads\/2021\/09\/Borgo-Santo-Pietro_TRUFFLE-HUNTING-1.jpg\" alt=\"Borgo Santo Pietro - Concierge\"><\/p>\n<h3>Concierge &#8211; slide 3<\/h3>\n<\/li>\n<li>\n<p>        <img decoding=\"async\" src=\"\/wp-content\/uploads\/2018\/05\/concierge2.jpg\" alt=\"Borgo Santo Pietro - Concierge\"><\/p>\n<h3>Concierge &#8211; slide 1<\/h3>\n<\/li>\n<li>\n<p>        <img decoding=\"async\" src=\"\/wp-content\/uploads\/2018\/05\/concierge3.jpg\" alt=\"Borgo Santo Pietro - Concierge\"><\/p>\n<h3>Concierge &#8211; slide 2<\/h3>\n<\/li>\n<li>\n<p>        <img decoding=\"async\" src=\"\/wp-content\/uploads\/2018\/05\/concierge5.jpg\" alt=\"Borgo Santo Pietro - Concierge\"><\/p>\n<h3>Concierge &#8211; slide 4<\/h3>\n<\/li>\n<\/ul>\n<div>\n<div class=\"uk-scrollspy-inview uk-animation-fade\" uk-scrollspy-class=\"\">\n<ul class=\"uk-subnav uk-margin-remove-bottom uk-subnav-divider uk-flex-right\" uk-margin=\"\">\n<li class=\"el-item uk-first-column\"><a class=\"\" href=\"https:\/\/borgosantopietro.com\/it\/attivita-a-borgo\/\">Attivit\u00e0 a Borgo<\/a><\/li>\n<li class=\"el-item uk-active\"><a class=\"uk-text-primary\" href=\"https:\/\/borgosantopietro.com\/it\/attivita-oltre-al-borgo\/\">Oltre Borgo<\/a><\/li>\n<\/ul>\n<\/div>\n<\/div>\n<div>\n\n<\/div>\n<h1>La vita oltre al borgo<\/h1>\n<div>\n<p>Se la curiosit\u00e0 ha il sopravvento e vi porta ad avventurarvi fuori dai cancelli della tenuta, rivolgetevi alla nostra Reception che vi fornir\u00e0 tutto il necessario per la vostra esplorazione, sia che si tratti di mappe, scarponi, biciclette, indicazioni stradali o di un picnic. Lasciateci organizzare una degustazione speciale di vino in cantine segrete con l\u2019aiuto del nostro sommelier, o concedetevi una gita mattutina in mongolfiera e contemplate il sole sorgere sulla Toscana. Qualunque cosa desideriate, noi vi possiamo aiutare. Naturalmente la vasta natura circostante avvolger\u00e0 i vostri sensi e catturer\u00e0 il vostro interesse. Se per\u00f2 preferite qualcosa di pi\u00f9 urbano, visitate la bellissima abbazia di San Galgano e la piccola cappella di Montesiepi. Fate un viaggio indietro nella storia visitando la leggendaria e mitica cappella della \u201cspada nella roccia\u201d o concedetevi un bel picnic sui prati circostanti, immaginando i tempi di re Art\u00f9 e dei suoi dodici cavalieri. Nelle vicinanze del Borgo si trova Chiusdino, pittoresco comune di circa 2000 abitanti, che gode di una posizione perfetta per trarre beneficio dalla splendida vista della Valle Serena e del Borgo stesso. Concedetevi passeggiate rilassanti assorbendo lo stile di vita di un tipico villaggio Italiano.<\/p>\n<\/div>\n<ul>\n<li>\n<div>Tour vinicoli<\/div>\n<\/li>\n<li>\n<div>Escursioni in Vespa<\/div>\n<\/li>\n<li>\n<div>L\u2019Italia dall\u2019elicottero<\/div>\n<\/li>\n<li>\n<div>Satori Yacht\n<\/div>\n<\/li>\n<li>\n<div>Shopping a Florence <\/div>\n<\/li>\n<li>\n<div>Visita guidata di Siena<\/div>\n<\/li>\n<li>\n<div>Giro in mongolfiera<\/div>\n<\/li>\n<li>\n<div>Passeggiata \u201cLa Spada nella Roccia\u201c\n<\/div>\n<\/li>\n<li>\n<div>Gite in bicicletta<\/div>\n<\/li>\n<\/ul>\n<p><!-- {\"name\":\"\",\"type\":\"layout\",\"children\":[{\"name\":\"\",\"type\":\"section\",\"props\":{\"style\":\"default\",\"width\":\"\",\"vertical_align\":\"middle\",\"title_position\":\"top-left\",\"title_rotation\":\"left\",\"title_breakpoint\":\"xl\",\"image_position\":\"center-center\",\"padding\":\"none\",\"header_transparent\":\"light\",\"header_transparent_noplaceholder\":true,\"class\":\"uk-position-relative uk-visible@m\",\"id\":\"main_slider\"},\"children\":[{\"name\":\"\",\"type\":\"row\",\"children\":[{\"name\":\"\",\"type\":\"column\",\"props\":{\"image_position\":\"center-center\",\"media_overlay_gradient\":\"\",\"width_medium\":\"1-1\"},\"children\":[{\"name\":\"bsp_main_slideshow\",\"type\":\"slideshow\",\"props\":{\"show_title\":false,\"show_meta\":false,\"show_content\":true,\"show_link\":true,\"show_thumbnail\":true,\"slideshow_min_height\":300,\"slideshow_autoplay_pause\":false,\"nav\":\"\",\"nav_position\":\"bottom-center\",\"nav_position_margin\":\"medium\",\"nav_align\":\"center\",\"nav_breakpoint\":\"s\",\"thumbnav_width\":\"100\",\"thumbnav_height\":\"75\",\"slidenav\":\"default\",\"slidenav_margin\":\"medium\",\"slidenav_breakpoint\":\"s\",\"slidenav_outside_breakpoint\":\"xl\",\"overlay_position\":\"center-left\",\"overlay_animation\":\"parallax\",\"title_element\":\"h3\",\"meta_style\":\"meta\",\"meta_align\":\"below-title\",\"link_text\":\"Read more\",\"link_style\":\"default\",\"margin\":\"remove-vertical\",\"slideshow_height\":\"full\",\"slideshow_animation\":\"fade\",\"slideshow_autoplay\":true,\"slideshow_kenburns\":\"\",\"slidenav_hover\":true,\"slidenav_large\":true,\"text_color\":\"light\",\"margin_remove_bottom\":true,\"margin_remove_top\":true,\"class\":\"\",\"thumbnav_svg_color\":\"emphasis\",\"meta_element\":\"div\"},\"children\":[{\"name\":\"\",\"type\":\"slideshow_item\",\"props\":{\"image\":\"wp-content\\\/uploads\\\/2021\\\/09\\\/Borgo-Santo-Pietro_TRUFFLE-HUNTING-1.jpg\",\"image_alt\":\"Borgo Santo Pietro - Concierge\",\"title\":\"Concierge - slide 3\",\"content\":\"\"}},{\"name\":\"\",\"type\":\"slideshow_item\",\"props\":{\"image\":\"wp-content\\\/uploads\\\/2018\\\/05\\\/concierge2.jpg\",\"image_alt\":\"Borgo Santo Pietro - Concierge\",\"title\":\"Concierge - slide 1\",\"content\":\"\"}},{\"name\":\"\",\"type\":\"slideshow_item\",\"props\":{\"image\":\"wp-content\\\/uploads\\\/2018\\\/05\\\/concierge3.jpg\",\"image_alt\":\"Borgo Santo Pietro - Concierge\",\"title\":\"Concierge - slide 2\",\"content\":\"\"}},{\"name\":\"\",\"type\":\"slideshow_item\",\"props\":{\"image\":\"wp-content\\\/uploads\\\/2018\\\/05\\\/concierge5.jpg\",\"image_alt\":\"Borgo Santo Pietro - Concierge\",\"title\":\"Concierge - slide 4\",\"content\":\"\"}}]},{\"name\":\"Bounce scroll down\",\"type\":\"icon\",\"props\":{\"icon\":\"chevron-down\",\"margin\":\"default\",\"id\":\"bounce_scroll_down\",\"text_align\":\"center\",\"icon_width\":60}}]}]}]},{\"name\":\"\",\"type\":\"section\",\"props\":{\"style\":\"default\",\"width\":\"\",\"vertical_align\":\"middle\",\"title_position\":\"top-left\",\"title_rotation\":\"left\",\"title_breakpoint\":\"xl\",\"image_position\":\"center-center\",\"padding\":\"none\",\"header_transparent\":\"light\",\"header_transparent_noplaceholder\":true,\"class\":\"uk-position-relative uk-hidden@m\",\"id\":\"main_slider\"},\"children\":[{\"name\":\"\",\"type\":\"row\",\"children\":[{\"name\":\"\",\"type\":\"column\",\"props\":{\"image_position\":\"center-center\",\"media_overlay_gradient\":\"\",\"width_medium\":\"1-1\"},\"children\":[{\"name\":\"bsp_main_slideshow\",\"type\":\"slideshow\",\"props\":{\"show_title\":false,\"show_meta\":false,\"show_content\":true,\"show_link\":true,\"show_thumbnail\":true,\"slideshow_min_height\":\"\",\"slideshow_autoplay_pause\":false,\"nav\":\"\",\"nav_position\":\"bottom-center\",\"nav_position_margin\":\"medium\",\"nav_align\":\"center\",\"nav_breakpoint\":\"s\",\"thumbnav_width\":\"100\",\"thumbnav_height\":\"75\",\"slidenav\":\"default\",\"slidenav_margin\":\"medium\",\"slidenav_breakpoint\":\"s\",\"slidenav_outside_breakpoint\":\"xl\",\"overlay_position\":\"center-left\",\"overlay_animation\":\"parallax\",\"title_element\":\"h3\",\"meta_style\":\"meta\",\"meta_align\":\"below-title\",\"link_text\":\"Read more\",\"link_style\":\"default\",\"margin\":\"remove-vertical\",\"slideshow_height\":\"\",\"slideshow_animation\":\"fade\",\"slideshow_autoplay\":true,\"slideshow_kenburns\":\"\",\"slidenav_hover\":true,\"slidenav_large\":true,\"text_color\":\"light\",\"margin_remove_bottom\":true,\"margin_remove_top\":true,\"class\":\"\",\"thumbnav_svg_color\":\"emphasis\",\"meta_element\":\"div\"},\"children\":[{\"name\":\"\",\"type\":\"slideshow_item\",\"props\":{\"image\":\"wp-content\\\/uploads\\\/2021\\\/09\\\/Borgo-Santo-Pietro_TRUFFLE-HUNTING-1.jpg\",\"image_alt\":\"Borgo Santo Pietro - Concierge\",\"title\":\"Concierge - slide 3\",\"content\":\"\"}},{\"name\":\"\",\"type\":\"slideshow_item\",\"props\":{\"image\":\"wp-content\\\/uploads\\\/2018\\\/05\\\/concierge2.jpg\",\"image_alt\":\"Borgo Santo Pietro - Concierge\",\"title\":\"Concierge - slide 1\",\"content\":\"\"}},{\"name\":\"\",\"type\":\"slideshow_item\",\"props\":{\"image\":\"wp-content\\\/uploads\\\/2018\\\/05\\\/concierge3.jpg\",\"image_alt\":\"Borgo Santo Pietro - Concierge\",\"title\":\"Concierge - slide 2\",\"content\":\"\"}},{\"name\":\"\",\"type\":\"slideshow_item\",\"props\":{\"image\":\"wp-content\\\/uploads\\\/2018\\\/05\\\/concierge5.jpg\",\"image_alt\":\"Borgo Santo Pietro - Concierge\",\"title\":\"Concierge - slide 4\",\"content\":\"\"}}]}]}]}]},{\"name\":\"submenu - main categories\",\"type\":\"section\",\"props\":{\"style\":\"default\",\"width\":\"expand\",\"vertical_align\":\"middle\",\"title_position\":\"top-left\",\"title_rotation\":\"left\",\"title_breakpoint\":\"xl\",\"image_position\":\"center-center\",\"padding\":\"xsmall\",\"padding_remove_bottom\":true,\"animation\":\"fade\",\"class\":\"subcat-page\"},\"children\":[{\"name\":\"\",\"type\":\"row\",\"children\":[{\"name\":\"\",\"type\":\"column\",\"props\":{\"image_position\":\"center-center\",\"media_overlay_gradient\":\"\",\"width_medium\":\"1-1\"},\"children\":[{\"name\":\"\",\"type\":\"text\",\"props\":{\"margin\":\"default\",\"column_breakpoint\":\"m\",\"content\":\"\n\n<div class=\\\"uk-scrollspy-inview uk-animation-fade\\\" uk-scrollspy-class=\\\"\\\">\\n\n\n<ul class=\\\"uk-subnav uk-margin-remove-bottom uk-subnav-divider uk-flex-right\\\" uk-margin=\\\"\\\">\\n\n\n<li class=\\\"el-item uk-first-column\\\"><a class=\\\"\\\" href=\\\"https:\\\/\\\/borgosantopietro.com\\\/it\\\/attivita-a-borgo\\\/\\\">Attivit\\u00e0 a Borgo<\\\/a><\\\/li>\\n\n\n<li class=\\\"el-item uk-active\\\"><a class=\\\"uk-text-primary\\\" href=\\\"https:\\\/\\\/borgosantopietro.com\\\/it\\\/attivita-oltre-al-borgo\\\/\\\">Oltre Borgo<\\\/a><\\\/li>\\n<\\\/ul>\\n<\\\/div>\"}}]}]}]},{\"name\":\"\",\"type\":\"section\",\"props\":{\"style\":\"default\",\"width\":\"default\",\"vertical_align\":\"middle\",\"title_position\":\"top-left\",\"title_rotation\":\"left\",\"title_breakpoint\":\"xl\",\"image_position\":\"center-center\",\"padding_remove_bottom\":true,\"class\":\"bsp-content-start\"},\"children\":[{\"name\":\"\",\"type\":\"row\",\"children\":[{\"name\":\"\",\"type\":\"column\",\"props\":{\"image_position\":\"center-center\",\"media_overlay_gradient\":\"\",\"width_medium\":\"1-1\"},\"children\":[{\"name\":\"breadcrumbs\",\"type\":\"text\",\"props\":{\"margin\":\"default\",\"column_breakpoint\":\"m\",\"content\":\"\n\n<p>[wpseo_breadcrumb]<\\\/p>\",\"text_align\":\"center\",\"class\":\"bsp-breadcrumbs\"}},{\"name\":\"\",\"type\":\"headline\",\"props\":{\"title_element\":\"h1\",\"text_align\":\"center\",\"content\":\"La vita oltre al borgo\",\"margin_remove_top\":true}}]}]}]},{\"name\":\"\",\"type\":\"section\",\"props\":{\"style\":\"default\",\"width\":\"default\",\"vertical_align\":\"middle\",\"title_position\":\"top-left\",\"title_rotation\":\"left\",\"title_breakpoint\":\"xl\",\"image_position\":\"center-center\",\"padding\":\"small\"},\"children\":[{\"name\":\"\",\"type\":\"row\",\"props\":{\"layout\":\"2-3,1-3\"},\"children\":[{\"name\":\"\",\"type\":\"column\",\"props\":{\"image_position\":\"center-center\",\"media_overlay_gradient\":\"\",\"width_medium\":\"2-3\"},\"children\":[{\"name\":\"\",\"type\":\"text\",\"props\":{\"margin\":\"default\",\"column_breakpoint\":\"m\",\"content\":\"\n\n<p>Se la curiosit\\u00e0 ha il sopravvento e vi porta ad avventurarvi fuori dai cancelli della tenuta, rivolgetevi alla nostra Reception che vi fornir\\u00e0 tutto il necessario per la vostra esplorazione, sia che si tratti di mappe, scarponi, biciclette, indicazioni stradali o di un picnic. Lasciateci organizzare una degustazione speciale di vino in cantine segrete con l\\u2019aiuto del nostro sommelier, o concedetevi una gita mattutina in mongolfiera e contemplate il sole sorgere sulla Toscana. Qualunque cosa desideriate, noi vi possiamo aiutare. Naturalmente la vasta natura circostante avvolger\\u00e0 i vostri sensi e catturer\\u00e0 il vostro interesse. Se per\\u00f2 preferite qualcosa di pi\\u00f9 urbano, visitate la bellissima abbazia di San Galgano e la piccola cappella di Montesiepi. Fate un viaggio indietro nella storia visitando la leggendaria e mitica cappella della \\u201cspada nella roccia\\u201d o concedetevi un bel picnic sui prati circostanti, immaginando i tempi di re Art\\u00f9 e dei suoi dodici cavalieri. Nelle vicinanze del Borgo si trova Chiusdino, pittoresco comune di circa 2000 abitanti, che gode di una posizione perfetta per trarre beneficio dalla splendida vista della Valle Serena e del Borgo stesso. Concedetevi passeggiate rilassanti assorbendo lo stile di vita di un tipico villaggio Italiano.<\\\/p>\",\"class\":\"uk-margin-large-bottom\"}}]},{\"name\":\"\",\"type\":\"column\",\"props\":{\"image_position\":\"center-center\",\"style\":\"muted\",\"padding\":\"small\",\"media_overlay_gradient\":\"\",\"width_medium\":\"1-3\"},\"children\":[{\"name\":\"\",\"type\":\"list\",\"props\":{\"show_image\":true,\"show_link\":true,\"image_align\":\"left\",\"content_style\":null,\"image_svg_color\":\"emphasis\",\"image_vertical_align\":true,\"list_size\":\"\",\"list_element\":\"ul\",\"column_breakpoint\":\"m\"},\"children\":[{\"name\":\"\",\"type\":\"list_item\",\"props\":{\"content\":\"Tour vinicoli\",\"icon\":\"check\",\"icon_color\":\"primary\"}},{\"name\":\"\",\"type\":\"list_item\",\"props\":{\"content\":\"Escursioni in Vespa\",\"icon\":\"check\",\"icon_color\":\"primary\"}},{\"name\":\"\",\"type\":\"list_item\",\"props\":{\"content\":\"L\\u2019Italia dall\\u2019elicottero\",\"icon\":\"check\",\"icon_color\":\"primary\"}},{\"name\":\"\",\"type\":\"list_item\",\"props\":{\"content\":\"Satori Yacht\\n\",\"icon\":\"check\",\"icon_color\":\"primary\"}},{\"name\":\"\",\"type\":\"list_item\",\"props\":{\"content\":\"Shopping a Florence \",\"icon\":\"check\",\"icon_color\":\"primary\"}},{\"name\":\"\",\"type\":\"list_item\",\"props\":{\"content\":\"Visita guidata di Siena\",\"icon\":\"check\",\"icon_color\":\"primary\"}},{\"name\":\"\",\"type\":\"list_item\",\"props\":{\"content\":\"Giro in mongolfiera\",\"icon\":\"check\",\"icon_color\":\"primary\"}},{\"name\":\"\",\"type\":\"list_item\",\"props\":{\"content\":\"Passeggiata \\u201cLa Spada nella Roccia\\u201c\\n\",\"icon\":\"check\",\"icon_color\":\"primary\"}},{\"name\":\"\",\"type\":\"list_item\",\"props\":{\"content\":\"Gite in bicicletta\",\"icon\":\"check\",\"icon_color\":\"primary\"}}]}]}]}]}],\"version\":\"2.2.4\"} --><\/p>\n","protected":false},"excerpt":{"rendered":"<p>Concierge &#8211; slide 3 Concierge &#8211; slide 1 Concierge &#8211; slide 2 Concierge &#8211; slide 4 Concierge &#8211; slide 3 Concierge &#8211; slide 1 Concierge &#8211; slide 2 Concierge &#8211; slide 4 Attivit\u00e0 a Borgo Oltre Borgo La vita oltre al borgo Se la curiosit\u00e0 ha il sopravvento e vi porta ad avventurarvi fuori dai [&hellip;]<\/p>\n","protected":false},"author":2,"featured_media":3463,"parent":0,"menu_order":1,"comment_status":"closed","ping_status":"closed","template":"","meta":{"_acf_changed":false,"footnotes":""},"categories":[104],"tags":[],"class_list":["post-5408","page","type-page","status-publish","has-post-thumbnail","hentry","category-experiences-it"],"acf":[],"yoast_head":"<!-- This site is optimized with the Yoast SEO plugin v27.5 - https:\/\/yoast.com\/product\/yoast-seo-wordpress\/ -->\n<title>Attivit\u00e0 oltre Borgo | Borgo Santo Pietro<\/title>\n<meta name=\"description\" content=\"Se volete avventurarvi fuori dai cancelli della tenuta, rivolgetevi al nostro team concierge che vi fornir\u00e0 tutto il necessario per la vostra esplorazione.\" \/>\n<meta name=\"robots\" content=\"index, follow, max-snippet:-1, max-image-preview:large, max-video-preview:-1\" \/>\n<link rel=\"canonical\" href=\"https:\/\/borgosantopietro.com\/it\/attivita-oltre-al-borgo\/\" \/>\n<meta property=\"og:locale\" content=\"it_IT\" \/>\n<meta property=\"og:type\" content=\"article\" \/>\n<meta property=\"og:title\" content=\"Attivit\u00e0 oltre Borgo | Borgo Santo Pietro\" \/>\n<meta property=\"og:description\" content=\"Se volete avventurarvi fuori dai cancelli della tenuta, rivolgetevi al nostro team concierge che vi fornir\u00e0 tutto il necessario per la vostra esplorazione.\" \/>\n<meta property=\"og:url\" content=\"https:\/\/borgosantopietro.com\/it\/attivita-oltre-al-borgo\/\" \/>\n<meta property=\"og:site_name\" content=\"Borgo Santo Pietro\" \/>\n<meta property=\"article:publisher\" content=\"https:\/\/www.facebook.com\/BorgoSantoPietro\/\" \/>\n<meta property=\"article:modified_time\" content=\"2021-10-11T13:15:23+00:00\" \/>\n<meta property=\"og:image\" content=\"https:\/\/borgosantopietro.com\/wp-content\/uploads\/2018\/05\/concierge2.jpg\" \/>\n\t<meta property=\"og:image:width\" content=\"1700\" \/>\n\t<meta property=\"og:image:height\" content=\"1133\" \/>\n\t<meta property=\"og:image:type\" content=\"image\/jpeg\" \/>\n<meta name=\"twitter:card\" content=\"summary_large_image\" \/>\n<meta name=\"twitter:site\" content=\"@BorgoSPietro\" \/>\n<meta name=\"twitter:label1\" content=\"Tempo di lettura stimato\" \/>\n\t<meta name=\"twitter:data1\" content=\"1 minuto\" \/>\n<script type=\"application\/ld+json\" class=\"yoast-schema-graph\">{\"@context\":\"https:\\\/\\\/schema.org\",\"@graph\":[{\"@type\":\"WebPage\",\"@id\":\"https:\\\/\\\/borgosantopietro.com\\\/it\\\/attivita-oltre-al-borgo\\\/\",\"url\":\"https:\\\/\\\/borgosantopietro.com\\\/it\\\/attivita-oltre-al-borgo\\\/\",\"name\":\"Attivit\u00e0 oltre Borgo | Borgo Santo Pietro\",\"isPartOf\":{\"@id\":\"https:\\\/\\\/borgosantopietro.com\\\/#website\"},\"primaryImageOfPage\":{\"@id\":\"https:\\\/\\\/borgosantopietro.com\\\/it\\\/attivita-oltre-al-borgo\\\/#primaryimage\"},\"image\":{\"@id\":\"https:\\\/\\\/borgosantopietro.com\\\/it\\\/attivita-oltre-al-borgo\\\/#primaryimage\"},\"thumbnailUrl\":\"https:\\\/\\\/borgosantopietro.com\\\/wp-content\\\/uploads\\\/2018\\\/05\\\/concierge2.jpg\",\"datePublished\":\"2018-05-17T21:13:12+00:00\",\"dateModified\":\"2021-10-11T13:15:23+00:00\",\"description\":\"Se volete avventurarvi fuori dai cancelli della tenuta, rivolgetevi al nostro team concierge che vi fornir\u00e0 tutto il necessario per la vostra esplorazione.\",\"inLanguage\":\"it-IT\",\"potentialAction\":[{\"@type\":\"ReadAction\",\"target\":[\"https:\\\/\\\/borgosantopietro.com\\\/it\\\/attivita-oltre-al-borgo\\\/\"]}]},{\"@type\":\"ImageObject\",\"inLanguage\":\"it-IT\",\"@id\":\"https:\\\/\\\/borgosantopietro.com\\\/it\\\/attivita-oltre-al-borgo\\\/#primaryimage\",\"url\":\"https:\\\/\\\/borgosantopietro.com\\\/wp-content\\\/uploads\\\/2018\\\/05\\\/concierge2.jpg\",\"contentUrl\":\"https:\\\/\\\/borgosantopietro.com\\\/wp-content\\\/uploads\\\/2018\\\/05\\\/concierge2.jpg\",\"width\":1700,\"height\":1133},{\"@type\":\"WebSite\",\"@id\":\"https:\\\/\\\/borgosantopietro.com\\\/#website\",\"url\":\"https:\\\/\\\/borgosantopietro.com\\\/\",\"name\":\"Borgo Santo Pietro\",\"description\":\"Boutique Hotel Tuscany | 5 Star Luxury Hotel\",\"publisher\":{\"@id\":\"https:\\\/\\\/borgosantopietro.com\\\/#organization\"},\"potentialAction\":[{\"@type\":\"SearchAction\",\"target\":{\"@type\":\"EntryPoint\",\"urlTemplate\":\"https:\\\/\\\/borgosantopietro.com\\\/?s={search_term_string}\"},\"query-input\":{\"@type\":\"PropertyValueSpecification\",\"valueRequired\":true,\"valueName\":\"search_term_string\"}}],\"inLanguage\":\"it-IT\"},{\"@type\":\"Organization\",\"@id\":\"https:\\\/\\\/borgosantopietro.com\\\/#organization\",\"name\":\"Relais Borgo Santo Pietro S.r.l.\",\"url\":\"https:\\\/\\\/borgosantopietro.com\\\/\",\"logo\":{\"@type\":\"ImageObject\",\"inLanguage\":\"it-IT\",\"@id\":\"https:\\\/\\\/borgosantopietro.com\\\/#\\\/schema\\\/logo\\\/image\\\/\",\"url\":\"https:\\\/\\\/staging.borgosantopietro.com\\\/wp-content\\\/uploads\\\/2018\\\/05\\\/logo-landing-new.png\",\"contentUrl\":\"https:\\\/\\\/staging.borgosantopietro.com\\\/wp-content\\\/uploads\\\/2018\\\/05\\\/logo-landing-new.png\",\"width\":824,\"height\":888,\"caption\":\"Relais Borgo Santo Pietro S.r.l.\"},\"image\":{\"@id\":\"https:\\\/\\\/borgosantopietro.com\\\/#\\\/schema\\\/logo\\\/image\\\/\"},\"sameAs\":[\"https:\\\/\\\/www.facebook.com\\\/BorgoSantoPietro\\\/\",\"https:\\\/\\\/x.com\\\/BorgoSPietro\"]}]}<\/script>\n<!-- \/ Yoast SEO plugin. -->","yoast_head_json":{"title":"Attivit\u00e0 oltre Borgo | Borgo Santo Pietro","description":"Se volete avventurarvi fuori dai cancelli della tenuta, rivolgetevi al nostro team concierge che vi fornir\u00e0 tutto il necessario per la vostra esplorazione.","robots":{"index":"index","follow":"follow","max-snippet":"max-snippet:-1","max-image-preview":"max-image-preview:large","max-video-preview":"max-video-preview:-1"},"canonical":"https:\/\/borgosantopietro.com\/it\/attivita-oltre-al-borgo\/","og_locale":"it_IT","og_type":"article","og_title":"Attivit\u00e0 oltre Borgo | Borgo Santo Pietro","og_description":"Se volete avventurarvi fuori dai cancelli della tenuta, rivolgetevi al nostro team concierge che vi fornir\u00e0 tutto il necessario per la vostra esplorazione.","og_url":"https:\/\/borgosantopietro.com\/it\/attivita-oltre-al-borgo\/","og_site_name":"Borgo Santo Pietro","article_publisher":"https:\/\/www.facebook.com\/BorgoSantoPietro\/","article_modified_time":"2021-10-11T13:15:23+00:00","og_image":[{"width":1700,"height":1133,"url":"https:\/\/borgosantopietro.com\/wp-content\/uploads\/2018\/05\/concierge2.jpg","type":"image\/jpeg"}],"twitter_card":"summary_large_image","twitter_site":"@BorgoSPietro","twitter_misc":{"Tempo di lettura stimato":"1 minuto"},"schema":{"@context":"https:\/\/schema.org","@graph":[{"@type":"WebPage","@id":"https:\/\/borgosantopietro.com\/it\/attivita-oltre-al-borgo\/","url":"https:\/\/borgosantopietro.com\/it\/attivita-oltre-al-borgo\/","name":"Attivit\u00e0 oltre Borgo | Borgo Santo Pietro","isPartOf":{"@id":"https:\/\/borgosantopietro.com\/#website"},"primaryImageOfPage":{"@id":"https:\/\/borgosantopietro.com\/it\/attivita-oltre-al-borgo\/#primaryimage"},"image":{"@id":"https:\/\/borgosantopietro.com\/it\/attivita-oltre-al-borgo\/#primaryimage"},"thumbnailUrl":"https:\/\/borgosantopietro.com\/wp-content\/uploads\/2018\/05\/concierge2.jpg","datePublished":"2018-05-17T21:13:12+00:00","dateModified":"2021-10-11T13:15:23+00:00","description":"Se volete avventurarvi fuori dai cancelli della tenuta, rivolgetevi al nostro team concierge che vi fornir\u00e0 tutto il necessario per la vostra esplorazione.","inLanguage":"it-IT","potentialAction":[{"@type":"ReadAction","target":["https:\/\/borgosantopietro.com\/it\/attivita-oltre-al-borgo\/"]}]},{"@type":"ImageObject","inLanguage":"it-IT","@id":"https:\/\/borgosantopietro.com\/it\/attivita-oltre-al-borgo\/#primaryimage","url":"https:\/\/borgosantopietro.com\/wp-content\/uploads\/2018\/05\/concierge2.jpg","contentUrl":"https:\/\/borgosantopietro.com\/wp-content\/uploads\/2018\/05\/concierge2.jpg","width":1700,"height":1133},{"@type":"WebSite","@id":"https:\/\/borgosantopietro.com\/#website","url":"https:\/\/borgosantopietro.com\/","name":"Borgo Santo Pietro","description":"Boutique Hotel Tuscany | 5 Star Luxury Hotel","publisher":{"@id":"https:\/\/borgosantopietro.com\/#organization"},"potentialAction":[{"@type":"SearchAction","target":{"@type":"EntryPoint","urlTemplate":"https:\/\/borgosantopietro.com\/?s={search_term_string}"},"query-input":{"@type":"PropertyValueSpecification","valueRequired":true,"valueName":"search_term_string"}}],"inLanguage":"it-IT"},{"@type":"Organization","@id":"https:\/\/borgosantopietro.com\/#organization","name":"Relais Borgo Santo Pietro S.r.l.","url":"https:\/\/borgosantopietro.com\/","logo":{"@type":"ImageObject","inLanguage":"it-IT","@id":"https:\/\/borgosantopietro.com\/#\/schema\/logo\/image\/","url":"https:\/\/staging.borgosantopietro.com\/wp-content\/uploads\/2018\/05\/logo-landing-new.png","contentUrl":"https:\/\/staging.borgosantopietro.com\/wp-content\/uploads\/2018\/05\/logo-landing-new.png","width":824,"height":888,"caption":"Relais Borgo Santo Pietro S.r.l."},"image":{"@id":"https:\/\/borgosantopietro.com\/#\/schema\/logo\/image\/"},"sameAs":["https:\/\/www.facebook.com\/BorgoSantoPietro\/","https:\/\/x.com\/BorgoSPietro"]}]}},"_links":{"self":[{"href":"https:\/\/borgosantopietro.com\/it\/wp-json\/wp\/v2\/pages\/5408","targetHints":{"allow":["GET"]}}],"collection":[{"href":"https:\/\/borgosantopietro.com\/it\/wp-json\/wp\/v2\/pages"}],"about":[{"href":"https:\/\/borgosantopietro.com\/it\/wp-json\/wp\/v2\/types\/page"}],"author":[{"embeddable":true,"href":"https:\/\/borgosantopietro.com\/it\/wp-json\/wp\/v2\/users\/2"}],"replies":[{"embeddable":true,"href":"https:\/\/borgosantopietro.com\/it\/wp-json\/wp\/v2\/comments?post=5408"}],"version-history":[{"count":7,"href":"https:\/\/borgosantopietro.com\/it\/wp-json\/wp\/v2\/pages\/5408\/revisions"}],"predecessor-version":[{"id":26840,"href":"https:\/\/borgosantopietro.com\/it\/wp-json\/wp\/v2\/pages\/5408\/revisions\/26840"}],"wp:featuredmedia":[{"embeddable":true,"href":"https:\/\/borgosantopietro.com\/it\/wp-json\/wp\/v2\/media\/3463"}],"wp:attachment":[{"href":"https:\/\/borgosantopietro.com\/it\/wp-json\/wp\/v2\/media?parent=5408"}],"wp:term":[{"taxonomy":"category","embeddable":true,"href":"https:\/\/borgosantopietro.com\/it\/wp-json\/wp\/v2\/categories?post=5408"},{"taxonomy":"post_tag","embeddable":true,"href":"https:\/\/borgosantopietro.com\/it\/wp-json\/wp\/v2\/tags?post=5408"}],"curies":[{"name":"wp","href":"https:\/\/api.w.org\/{rel}","templated":true}]}}