{"id":5313,"date":"2018-05-17T01:03:22","date_gmt":"2018-05-16T23:03:22","guid":{"rendered":"http:\/\/dev.borgosantopietro.com\/chi-siamo\/our-community\/"},"modified":"2020-08-26T01:24:15","modified_gmt":"2020-08-25T23:24:15","slug":"la-nostra-comunita","status":"publish","type":"page","link":"https:\/\/borgosantopietro.com\/it\/chi-siamo\/la-nostra-comunita\/","title":{"rendered":"La nostra comunit\u00e0"},"content":{"rendered":"<ul>\n<li>\n<p>        <img decoding=\"async\" src=\"\/wp-content\/uploads\/2018\/05\/OUR-COMMUNITY1.jpg\" alt=\"Borgo Santo Pietro - Our Community\"><\/p>\n<h3>Our Community &#8211; slide 1<\/h3>\n<\/li>\n<li>\n<p>        <img decoding=\"async\" src=\"\/wp-content\/uploads\/2018\/05\/OUR-COMMUNITY2.jpg\" alt=\"Borgo Santo Pietro - Our Community\"><\/p>\n<h3>Our Community &#8211; slide 2<\/h3>\n<\/li>\n<li>\n<p>        <img decoding=\"async\" src=\"\/wp-content\/uploads\/2018\/05\/OUR-COMMUNITY3.jpg\" alt=\"Borgo Santo Pietro - Our Community\"><\/p>\n<h3>Our Community &#8211; slide 3<\/h3>\n<\/li>\n<\/ul>\n<ul>\n<li>\n<p>        <img decoding=\"async\" src=\"\/wp-content\/uploads\/2018\/05\/OUR-COMMUNITY1.jpg\" alt=\"Borgo Santo Pietro - Our Community\"><\/p>\n<h3>Our Community &#8211; slide 1<\/h3>\n<\/li>\n<li>\n<p>        <img decoding=\"async\" src=\"\/wp-content\/uploads\/2018\/05\/OUR-COMMUNITY2.jpg\" alt=\"Borgo Santo Pietro - Our Community\"><\/p>\n<h3>Our Community &#8211; slide 2<\/h3>\n<\/li>\n<li>\n<p>        <img decoding=\"async\" src=\"\/wp-content\/uploads\/2018\/05\/OUR-COMMUNITY3.jpg\" alt=\"Borgo Santo Pietro - Our Community\"><\/p>\n<h3>Our Community &#8211; slide 3<\/h3>\n<\/li>\n<\/ul>\n<div>    <ul class=\"uk-subnav uk-margin-remove-bottom uk-subnav-divider uk-flex-right\" uk-margin>\n                    <li class=\"el-item uk-first-column \">\n                <a class=\"\" href=\"https:\/\/borgosantopietro.com\/it\/chi-siamo\/\">\n                    Chi siamo                <\/a>\n            <\/li>\n                    <li class=\"el-item uk-first-column \">\n                <a class=\"\" href=\"https:\/\/borgosantopietro.com\/it\/chi-siamo\/jeanette-claus-thottrup\/\">\n                    Jeanette &#038; Claus Thottrup                <\/a>\n            <\/li>\n                    <li class=\"el-item uk-first-column \">\n                <a class=\"\" href=\"https:\/\/borgosantopietro.com\/it\/chi-siamo\/la-nostra-storia\/\">\n                    La nostra storia                <\/a>\n            <\/li>\n                    <li class=\"el-item uk-first-column uk-active\">\n                <a class=\"uk-text-primary\" href=\"https:\/\/borgosantopietro.com\/it\/chi-siamo\/la-nostra-comunita\/\">\n                    La nostra comunit\u00e0                <\/a>\n            <\/li>\n                    <li class=\"el-item uk-first-column \">\n                <a class=\"\" href=\"https:\/\/borgosantopietro.com\/it\/chi-siamo\/contatti\/\">\n                    Contatti                <\/a>\n            <\/li>\n                    <li class=\"el-item uk-first-column \">\n                <a class=\"\" href=\"https:\/\/borgosantopietro.com\/it\/chi-siamo\/stampa-premi\/\">\n                    Stampa &#038; premi                <\/a>\n            <\/li>\n            <\/ul>\n    <\/div>\n<div>\n\n<\/div>\n<h1>La nostra comunit\u00e0<\/h1>\n<div>\n<p>Borgo Santo Pietro si trova in una zona della Toscana ricca di storie e leggende. Oggi \u00e8 il fulcro di una vivace comunit\u00e0 locale, il cui patrimonio culturale viene condiviso e trasmesso.<\/p>\n<p>La cittadina di Palazzetto, che ospita il nostro hotel, \u00e8 il luogo in cui vivono e lavorano persone che sono legate a Borgo Santo Pietro da generazioni e continuano a condividere le tradizioni locali con i nostri ospiti.<\/p>\n<p>Vicino all\u2019hotel si trova l&#8217;Abbazia di San Galgano, una spettacolare abbazia medievale costruita in onore del santo cavaliere di San Galgano. Nel XII secolo, Galgano decise di rinunciare alla sua vita mondana conficcando la sua spada in una pietra, sulla collina della Cappella di Montesiepi, dove si trova ancora oggi.<\/p>\n<p>La citt\u00e0 collinare medievale di Chiusdino, splendidamente conservata, sembra praticamente intatta da quando San Galgano vi nacque nel 1148. Chiusdino \u00e8 ricca di artigiani ed \u00e8 sede di una fiorente comunit\u00e0 locale, che trasmette i propri valori e la propria storia attraverso il Museo Civico e Diocesano di Arte Sacra di San Galgano.<\/p>\n<\/div>\n<p><!-- {\"name\":\"\",\"type\":\"layout\",\"children\":[{\"name\":\"\",\"type\":\"section\",\"props\":{\"style\":\"default\",\"width\":\"\",\"vertical_align\":\"middle\",\"title_position\":\"top-left\",\"title_rotation\":\"left\",\"title_breakpoint\":\"xl\",\"image_position\":\"center-center\",\"padding\":\"none\",\"header_transparent\":\"light\",\"header_transparent_noplaceholder\":true,\"class\":\"uk-position-relative uk-visible@m\",\"id\":\"main_slider\"},\"children\":[{\"name\":\"\",\"type\":\"row\",\"children\":[{\"name\":\"\",\"type\":\"column\",\"props\":{\"image_position\":\"center-center\",\"media_overlay_gradient\":\"\",\"width_medium\":\"1-1\"},\"children\":[{\"name\":\"bsp_main_slideshow\",\"type\":\"slideshow\",\"props\":{\"show_title\":false,\"show_meta\":false,\"show_content\":true,\"show_link\":true,\"show_thumbnail\":true,\"slideshow_min_height\":300,\"slideshow_autoplay_pause\":false,\"nav\":\"\",\"nav_position\":\"bottom-center\",\"nav_position_margin\":\"medium\",\"nav_align\":\"center\",\"nav_breakpoint\":\"s\",\"thumbnav_width\":\"100\",\"thumbnav_height\":\"75\",\"slidenav\":\"default\",\"slidenav_margin\":\"medium\",\"slidenav_breakpoint\":\"s\",\"slidenav_outside_breakpoint\":\"xl\",\"overlay_position\":\"center-left\",\"overlay_animation\":\"parallax\",\"title_element\":\"h3\",\"meta_style\":\"meta\",\"meta_align\":\"below-title\",\"link_text\":\"Read more\",\"link_style\":\"default\",\"margin\":\"remove-vertical\",\"slideshow_height\":\"full\",\"slideshow_animation\":\"fade\",\"slideshow_autoplay\":true,\"slideshow_kenburns\":\"\",\"slidenav_hover\":true,\"slidenav_large\":true,\"text_color\":\"light\",\"margin_remove_bottom\":true,\"margin_remove_top\":true,\"thumbnav_svg_color\":\"emphasis\",\"meta_element\":\"div\"},\"children\":[{\"name\":\"\",\"type\":\"slideshow_item\",\"props\":{\"image\":\"wp-content\\\/uploads\\\/2018\\\/05\\\/OUR-COMMUNITY1.jpg\",\"image_alt\":\"Borgo Santo Pietro - Our Community\",\"title\":\"Our Community - slide 1\"}},{\"name\":\"\",\"type\":\"slideshow_item\",\"props\":{\"image\":\"wp-content\\\/uploads\\\/2018\\\/05\\\/OUR-COMMUNITY2.jpg\",\"image_alt\":\"Borgo Santo Pietro - Our Community\",\"title\":\"Our Community - slide 2\"}},{\"name\":\"\",\"type\":\"slideshow_item\",\"props\":{\"image\":\"wp-content\\\/uploads\\\/2018\\\/05\\\/OUR-COMMUNITY3.jpg\",\"image_alt\":\"Borgo Santo Pietro - Our Community\",\"title\":\"Our Community - slide 3\"}}]},{\"name\":\"Bounce scroll down\",\"type\":\"icon\",\"props\":{\"icon\":\"chevron-down\",\"margin\":\"default\",\"id\":\"bounce_scroll_down\",\"text_align\":\"center\",\"icon_width\":60}}]}]}]},{\"name\":\"\",\"type\":\"section\",\"props\":{\"style\":\"default\",\"width\":\"\",\"vertical_align\":\"middle\",\"title_position\":\"top-left\",\"title_rotation\":\"left\",\"title_breakpoint\":\"xl\",\"image_position\":\"center-center\",\"padding\":\"none\",\"header_transparent\":\"light\",\"header_transparent_noplaceholder\":true,\"class\":\"uk-position-relative uk-hidden@m\",\"id\":\"main_slider\"},\"children\":[{\"name\":\"\",\"type\":\"row\",\"children\":[{\"name\":\"\",\"type\":\"column\",\"props\":{\"image_position\":\"center-center\",\"media_overlay_gradient\":\"\",\"width_medium\":\"1-1\"},\"children\":[{\"name\":\"bsp_main_slideshow\",\"type\":\"slideshow\",\"props\":{\"show_title\":false,\"show_meta\":false,\"show_content\":true,\"show_link\":true,\"show_thumbnail\":true,\"slideshow_min_height\":\"\",\"slideshow_autoplay_pause\":false,\"nav\":\"\",\"nav_position\":\"bottom-center\",\"nav_position_margin\":\"medium\",\"nav_align\":\"center\",\"nav_breakpoint\":\"s\",\"thumbnav_width\":\"100\",\"thumbnav_height\":\"75\",\"slidenav\":\"default\",\"slidenav_margin\":\"medium\",\"slidenav_breakpoint\":\"s\",\"slidenav_outside_breakpoint\":\"xl\",\"overlay_position\":\"center-left\",\"overlay_animation\":\"parallax\",\"title_element\":\"h3\",\"meta_style\":\"meta\",\"meta_align\":\"below-title\",\"link_text\":\"Read more\",\"link_style\":\"default\",\"margin\":\"remove-vertical\",\"slideshow_height\":\"\",\"slideshow_animation\":\"fade\",\"slideshow_autoplay\":true,\"slideshow_kenburns\":\"\",\"slidenav_hover\":true,\"slidenav_large\":true,\"text_color\":\"light\",\"margin_remove_bottom\":true,\"margin_remove_top\":true,\"thumbnav_svg_color\":\"emphasis\",\"meta_element\":\"div\"},\"children\":[{\"name\":\"\",\"type\":\"slideshow_item\",\"props\":{\"image\":\"wp-content\\\/uploads\\\/2018\\\/05\\\/OUR-COMMUNITY1.jpg\",\"image_alt\":\"Borgo Santo Pietro - Our Community\",\"title\":\"Our Community - slide 1\"}},{\"name\":\"\",\"type\":\"slideshow_item\",\"props\":{\"image\":\"wp-content\\\/uploads\\\/2018\\\/05\\\/OUR-COMMUNITY2.jpg\",\"image_alt\":\"Borgo Santo Pietro - Our Community\",\"title\":\"Our Community - slide 2\"}},{\"name\":\"\",\"type\":\"slideshow_item\",\"props\":{\"image\":\"wp-content\\\/uploads\\\/2018\\\/05\\\/OUR-COMMUNITY3.jpg\",\"image_alt\":\"Borgo Santo Pietro - Our Community\",\"title\":\"Our Community - slide 3\"}}]}]}]}]},{\"name\":\"submenu - main categories\",\"type\":\"section\",\"props\":{\"style\":\"default\",\"width\":\"expand\",\"vertical_align\":\"middle\",\"title_position\":\"top-left\",\"title_rotation\":\"left\",\"title_breakpoint\":\"xl\",\"image_position\":\"center-center\",\"padding\":\"xsmall\",\"padding_remove_bottom\":true,\"animation\":\"fade\",\"class\":\"subcat-page rooms\"},\"children\":[{\"name\":\"\",\"type\":\"row\",\"children\":[{\"name\":\"\",\"type\":\"column\",\"props\":{\"image_position\":\"center-center\",\"media_overlay_gradient\":\"\",\"width_medium\":\"1-1\"},\"children\":[{\"name\":\"\",\"type\":\"text\",\"props\":{\"margin\":\"default\",\"column_breakpoint\":\"m\",\"content\":\"[bsp_subcat_menu id=277]\"}}]}]}]},{\"name\":\"\",\"type\":\"section\",\"props\":{\"style\":\"default\",\"width\":\"default\",\"vertical_align\":\"middle\",\"title_position\":\"top-left\",\"title_rotation\":\"left\",\"title_breakpoint\":\"xl\",\"image_position\":\"center-center\",\"padding_remove_bottom\":true,\"class\":\"bsp-content-start\"},\"children\":[{\"name\":\"\",\"type\":\"row\",\"children\":[{\"name\":\"\",\"type\":\"column\",\"props\":{\"image_position\":\"center-center\",\"media_overlay_gradient\":\"\",\"width_medium\":\"1-1\"},\"children\":[{\"name\":\"breadcrumbs\",\"type\":\"text\",\"props\":{\"margin\":\"default\",\"column_breakpoint\":\"m\",\"content\":\"\n\n<p>[wpseo_breadcrumb]<\\\/p>\",\"text_align\":\"center\",\"class\":\"bsp-breadcrumbs\"}},{\"name\":\"\",\"type\":\"headline\",\"props\":{\"title_element\":\"h1\",\"text_align\":\"center\",\"content\":\"La nostra comunit\\u00e0\",\"margin_remove_top\":true}},{\"name\":\"\",\"type\":\"text\",\"props\":{\"margin\":\"default\",\"column_breakpoint\":\"m\",\"content\":\"\n\n<p>Borgo Santo Pietro si trova in una zona della Toscana ricca di storie e leggende. Oggi \\u00e8 il fulcro di una vivace comunit\\u00e0 locale, il cui patrimonio culturale viene condiviso e trasmesso.<\\\/p>\\n\n\n<p>La cittadina di Palazzetto, che ospita il nostro hotel, \\u00e8 il luogo in cui vivono e lavorano persone che sono legate a Borgo Santo Pietro da generazioni e continuano a condividere le tradizioni locali con i nostri ospiti.<\\\/p>\\n\n\n<p>Vicino all\\u2019hotel si trova l'Abbazia di San Galgano, una spettacolare abbazia medievale costruita in onore del santo cavaliere di San Galgano. Nel XII secolo, Galgano decise di rinunciare alla sua vita mondana conficcando la sua spada in una pietra, sulla collina della Cappella di Montesiepi, dove si trova ancora oggi.<\\\/p>\\n\n\n<p>La citt\\u00e0 collinare medievale di Chiusdino, splendidamente conservata, sembra praticamente intatta da quando San Galgano vi nacque nel 1148. Chiusdino \\u00e8 ricca di artigiani ed \\u00e8 sede di una fiorente comunit\\u00e0 locale, che trasmette i propri valori e la propria storia attraverso il Museo Civico e Diocesano di Arte Sacra di San Galgano.<\\\/p>\",\"class\":\"uk-margin-large-bottom\"}}]}]}]}],\"version\":\"2.2.4\"} --><\/p>\n","protected":false},"excerpt":{"rendered":"<p>Our Community &#8211; slide 1 Our Community &#8211; slide 2 Our Community &#8211; slide 3 Our Community &#8211; slide 1 Our Community &#8211; slide 2 Our Community &#8211; slide 3 La nostra comunit\u00e0 Borgo Santo Pietro si trova in una zona della Toscana ricca di storie e leggende. Oggi \u00e8 il fulcro di una vivace [&hellip;]<\/p>\n","protected":false},"author":2,"featured_media":3368,"parent":5259,"menu_order":2,"comment_status":"closed","ping_status":"closed","template":"","meta":{"_acf_changed":false,"footnotes":""},"categories":[94],"tags":[],"class_list":["post-5313","page","type-page","status-publish","has-post-thumbnail","hentry","category-about-it"],"acf":[],"yoast_head":"<!-- This site is optimized with the Yoast SEO plugin v27.5 - https:\/\/yoast.com\/product\/yoast-seo-wordpress\/ -->\n<title>La nostra comunit\u00e0 | Borgo Santo Pietro<\/title>\n<meta name=\"description\" content=\"La tenuta di Borgo Santo Pietro \u00e8 profondamente legata alla comunit\u00e0 di persone che vive nel villaggio di Palazzetto, dove il nostro hotel ha sede.\" \/>\n<meta name=\"robots\" content=\"index, follow, max-snippet:-1, max-image-preview:large, max-video-preview:-1\" \/>\n<link rel=\"canonical\" href=\"https:\/\/borgosantopietro.com\/it\/chi-siamo\/la-nostra-comunita\/\" \/>\n<meta property=\"og:locale\" content=\"it_IT\" \/>\n<meta property=\"og:type\" content=\"article\" \/>\n<meta property=\"og:title\" content=\"La nostra comunit\u00e0 | Borgo Santo Pietro\" \/>\n<meta property=\"og:description\" content=\"La tenuta di Borgo Santo Pietro \u00e8 profondamente legata alla comunit\u00e0 di persone che vive nel villaggio di Palazzetto, dove il nostro hotel ha sede.\" \/>\n<meta property=\"og:url\" content=\"https:\/\/borgosantopietro.com\/it\/chi-siamo\/la-nostra-comunita\/\" \/>\n<meta property=\"og:site_name\" content=\"Borgo Santo Pietro\" \/>\n<meta property=\"article:publisher\" content=\"https:\/\/www.facebook.com\/BorgoSantoPietro\/\" \/>\n<meta property=\"article:modified_time\" content=\"2020-08-25T23:24:15+00:00\" \/>\n<meta property=\"og:image\" content=\"https:\/\/borgosantopietro.com\/wp-content\/uploads\/2018\/05\/OUR-COMMUNITY1.jpg\" \/>\n\t<meta property=\"og:image:width\" content=\"1700\" \/>\n\t<meta property=\"og:image:height\" content=\"1133\" \/>\n\t<meta property=\"og:image:type\" content=\"image\/jpeg\" \/>\n<meta name=\"twitter:card\" content=\"summary_large_image\" \/>\n<meta name=\"twitter:site\" content=\"@BorgoSPietro\" \/>\n<meta name=\"twitter:label1\" content=\"Tempo di lettura stimato\" \/>\n\t<meta name=\"twitter:data1\" content=\"1 minuto\" \/>\n<script type=\"application\/ld+json\" class=\"yoast-schema-graph\">{\"@context\":\"https:\\\/\\\/schema.org\",\"@graph\":[{\"@type\":\"WebPage\",\"@id\":\"https:\\\/\\\/borgosantopietro.com\\\/it\\\/chi-siamo\\\/la-nostra-comunita\\\/\",\"url\":\"https:\\\/\\\/borgosantopietro.com\\\/it\\\/chi-siamo\\\/la-nostra-comunita\\\/\",\"name\":\"La nostra comunit\u00e0 | Borgo Santo Pietro\",\"isPartOf\":{\"@id\":\"https:\\\/\\\/borgosantopietro.com\\\/#website\"},\"primaryImageOfPage\":{\"@id\":\"https:\\\/\\\/borgosantopietro.com\\\/it\\\/chi-siamo\\\/la-nostra-comunita\\\/#primaryimage\"},\"image\":{\"@id\":\"https:\\\/\\\/borgosantopietro.com\\\/it\\\/chi-siamo\\\/la-nostra-comunita\\\/#primaryimage\"},\"thumbnailUrl\":\"https:\\\/\\\/borgosantopietro.com\\\/wp-content\\\/uploads\\\/2018\\\/05\\\/OUR-COMMUNITY1.jpg\",\"datePublished\":\"2018-05-16T23:03:22+00:00\",\"dateModified\":\"2020-08-25T23:24:15+00:00\",\"description\":\"La tenuta di Borgo Santo Pietro \u00e8 profondamente legata alla comunit\u00e0 di persone che vive nel villaggio di Palazzetto, dove il nostro hotel ha sede.\",\"breadcrumb\":{\"@id\":\"https:\\\/\\\/borgosantopietro.com\\\/it\\\/chi-siamo\\\/la-nostra-comunita\\\/#breadcrumb\"},\"inLanguage\":\"it-IT\",\"potentialAction\":[{\"@type\":\"ReadAction\",\"target\":[\"https:\\\/\\\/borgosantopietro.com\\\/it\\\/chi-siamo\\\/la-nostra-comunita\\\/\"]}]},{\"@type\":\"ImageObject\",\"inLanguage\":\"it-IT\",\"@id\":\"https:\\\/\\\/borgosantopietro.com\\\/it\\\/chi-siamo\\\/la-nostra-comunita\\\/#primaryimage\",\"url\":\"https:\\\/\\\/borgosantopietro.com\\\/wp-content\\\/uploads\\\/2018\\\/05\\\/OUR-COMMUNITY1.jpg\",\"contentUrl\":\"https:\\\/\\\/borgosantopietro.com\\\/wp-content\\\/uploads\\\/2018\\\/05\\\/OUR-COMMUNITY1.jpg\",\"width\":1700,\"height\":1133},{\"@type\":\"BreadcrumbList\",\"@id\":\"https:\\\/\\\/borgosantopietro.com\\\/it\\\/chi-siamo\\\/la-nostra-comunita\\\/#breadcrumb\",\"itemListElement\":[{\"@type\":\"ListItem\",\"position\":1,\"name\":\"Chi siamo\",\"item\":\"https:\\\/\\\/borgosantopietro.com\\\/it\\\/chi-siamo\\\/\"},{\"@type\":\"ListItem\",\"position\":2,\"name\":\"La nostra comunit\u00e0\"}]},{\"@type\":\"WebSite\",\"@id\":\"https:\\\/\\\/borgosantopietro.com\\\/#website\",\"url\":\"https:\\\/\\\/borgosantopietro.com\\\/\",\"name\":\"Borgo Santo Pietro\",\"description\":\"Boutique Hotel Tuscany | 5 Star Luxury Hotel\",\"publisher\":{\"@id\":\"https:\\\/\\\/borgosantopietro.com\\\/#organization\"},\"potentialAction\":[{\"@type\":\"SearchAction\",\"target\":{\"@type\":\"EntryPoint\",\"urlTemplate\":\"https:\\\/\\\/borgosantopietro.com\\\/?s={search_term_string}\"},\"query-input\":{\"@type\":\"PropertyValueSpecification\",\"valueRequired\":true,\"valueName\":\"search_term_string\"}}],\"inLanguage\":\"it-IT\"},{\"@type\":\"Organization\",\"@id\":\"https:\\\/\\\/borgosantopietro.com\\\/#organization\",\"name\":\"Relais Borgo Santo Pietro S.r.l.\",\"url\":\"https:\\\/\\\/borgosantopietro.com\\\/\",\"logo\":{\"@type\":\"ImageObject\",\"inLanguage\":\"it-IT\",\"@id\":\"https:\\\/\\\/borgosantopietro.com\\\/#\\\/schema\\\/logo\\\/image\\\/\",\"url\":\"https:\\\/\\\/staging.borgosantopietro.com\\\/wp-content\\\/uploads\\\/2018\\\/05\\\/logo-landing-new.png\",\"contentUrl\":\"https:\\\/\\\/staging.borgosantopietro.com\\\/wp-content\\\/uploads\\\/2018\\\/05\\\/logo-landing-new.png\",\"width\":824,\"height\":888,\"caption\":\"Relais Borgo Santo Pietro S.r.l.\"},\"image\":{\"@id\":\"https:\\\/\\\/borgosantopietro.com\\\/#\\\/schema\\\/logo\\\/image\\\/\"},\"sameAs\":[\"https:\\\/\\\/www.facebook.com\\\/BorgoSantoPietro\\\/\",\"https:\\\/\\\/x.com\\\/BorgoSPietro\"]}]}<\/script>\n<!-- \/ Yoast SEO plugin. -->","yoast_head_json":{"title":"La nostra comunit\u00e0 | Borgo Santo Pietro","description":"La tenuta di Borgo Santo Pietro \u00e8 profondamente legata alla comunit\u00e0 di persone che vive nel villaggio di Palazzetto, dove il nostro hotel ha sede.","robots":{"index":"index","follow":"follow","max-snippet":"max-snippet:-1","max-image-preview":"max-image-preview:large","max-video-preview":"max-video-preview:-1"},"canonical":"https:\/\/borgosantopietro.com\/it\/chi-siamo\/la-nostra-comunita\/","og_locale":"it_IT","og_type":"article","og_title":"La nostra comunit\u00e0 | Borgo Santo Pietro","og_description":"La tenuta di Borgo Santo Pietro \u00e8 profondamente legata alla comunit\u00e0 di persone che vive nel villaggio di Palazzetto, dove il nostro hotel ha sede.","og_url":"https:\/\/borgosantopietro.com\/it\/chi-siamo\/la-nostra-comunita\/","og_site_name":"Borgo Santo Pietro","article_publisher":"https:\/\/www.facebook.com\/BorgoSantoPietro\/","article_modified_time":"2020-08-25T23:24:15+00:00","og_image":[{"width":1700,"height":1133,"url":"https:\/\/borgosantopietro.com\/wp-content\/uploads\/2018\/05\/OUR-COMMUNITY1.jpg","type":"image\/jpeg"}],"twitter_card":"summary_large_image","twitter_site":"@BorgoSPietro","twitter_misc":{"Tempo di lettura stimato":"1 minuto"},"schema":{"@context":"https:\/\/schema.org","@graph":[{"@type":"WebPage","@id":"https:\/\/borgosantopietro.com\/it\/chi-siamo\/la-nostra-comunita\/","url":"https:\/\/borgosantopietro.com\/it\/chi-siamo\/la-nostra-comunita\/","name":"La nostra comunit\u00e0 | Borgo Santo Pietro","isPartOf":{"@id":"https:\/\/borgosantopietro.com\/#website"},"primaryImageOfPage":{"@id":"https:\/\/borgosantopietro.com\/it\/chi-siamo\/la-nostra-comunita\/#primaryimage"},"image":{"@id":"https:\/\/borgosantopietro.com\/it\/chi-siamo\/la-nostra-comunita\/#primaryimage"},"thumbnailUrl":"https:\/\/borgosantopietro.com\/wp-content\/uploads\/2018\/05\/OUR-COMMUNITY1.jpg","datePublished":"2018-05-16T23:03:22+00:00","dateModified":"2020-08-25T23:24:15+00:00","description":"La tenuta di Borgo Santo Pietro \u00e8 profondamente legata alla comunit\u00e0 di persone che vive nel villaggio di Palazzetto, dove il nostro hotel ha sede.","breadcrumb":{"@id":"https:\/\/borgosantopietro.com\/it\/chi-siamo\/la-nostra-comunita\/#breadcrumb"},"inLanguage":"it-IT","potentialAction":[{"@type":"ReadAction","target":["https:\/\/borgosantopietro.com\/it\/chi-siamo\/la-nostra-comunita\/"]}]},{"@type":"ImageObject","inLanguage":"it-IT","@id":"https:\/\/borgosantopietro.com\/it\/chi-siamo\/la-nostra-comunita\/#primaryimage","url":"https:\/\/borgosantopietro.com\/wp-content\/uploads\/2018\/05\/OUR-COMMUNITY1.jpg","contentUrl":"https:\/\/borgosantopietro.com\/wp-content\/uploads\/2018\/05\/OUR-COMMUNITY1.jpg","width":1700,"height":1133},{"@type":"BreadcrumbList","@id":"https:\/\/borgosantopietro.com\/it\/chi-siamo\/la-nostra-comunita\/#breadcrumb","itemListElement":[{"@type":"ListItem","position":1,"name":"Chi siamo","item":"https:\/\/borgosantopietro.com\/it\/chi-siamo\/"},{"@type":"ListItem","position":2,"name":"La nostra comunit\u00e0"}]},{"@type":"WebSite","@id":"https:\/\/borgosantopietro.com\/#website","url":"https:\/\/borgosantopietro.com\/","name":"Borgo Santo Pietro","description":"Boutique Hotel Tuscany | 5 Star Luxury Hotel","publisher":{"@id":"https:\/\/borgosantopietro.com\/#organization"},"potentialAction":[{"@type":"SearchAction","target":{"@type":"EntryPoint","urlTemplate":"https:\/\/borgosantopietro.com\/?s={search_term_string}"},"query-input":{"@type":"PropertyValueSpecification","valueRequired":true,"valueName":"search_term_string"}}],"inLanguage":"it-IT"},{"@type":"Organization","@id":"https:\/\/borgosantopietro.com\/#organization","name":"Relais Borgo Santo Pietro S.r.l.","url":"https:\/\/borgosantopietro.com\/","logo":{"@type":"ImageObject","inLanguage":"it-IT","@id":"https:\/\/borgosantopietro.com\/#\/schema\/logo\/image\/","url":"https:\/\/staging.borgosantopietro.com\/wp-content\/uploads\/2018\/05\/logo-landing-new.png","contentUrl":"https:\/\/staging.borgosantopietro.com\/wp-content\/uploads\/2018\/05\/logo-landing-new.png","width":824,"height":888,"caption":"Relais Borgo Santo Pietro S.r.l."},"image":{"@id":"https:\/\/borgosantopietro.com\/#\/schema\/logo\/image\/"},"sameAs":["https:\/\/www.facebook.com\/BorgoSantoPietro\/","https:\/\/x.com\/BorgoSPietro"]}]}},"_links":{"self":[{"href":"https:\/\/borgosantopietro.com\/it\/wp-json\/wp\/v2\/pages\/5313","targetHints":{"allow":["GET"]}}],"collection":[{"href":"https:\/\/borgosantopietro.com\/it\/wp-json\/wp\/v2\/pages"}],"about":[{"href":"https:\/\/borgosantopietro.com\/it\/wp-json\/wp\/v2\/types\/page"}],"author":[{"embeddable":true,"href":"https:\/\/borgosantopietro.com\/it\/wp-json\/wp\/v2\/users\/2"}],"replies":[{"embeddable":true,"href":"https:\/\/borgosantopietro.com\/it\/wp-json\/wp\/v2\/comments?post=5313"}],"version-history":[{"count":2,"href":"https:\/\/borgosantopietro.com\/it\/wp-json\/wp\/v2\/pages\/5313\/revisions"}],"predecessor-version":[{"id":20931,"href":"https:\/\/borgosantopietro.com\/it\/wp-json\/wp\/v2\/pages\/5313\/revisions\/20931"}],"up":[{"embeddable":true,"href":"https:\/\/borgosantopietro.com\/it\/wp-json\/wp\/v2\/pages\/5259"}],"wp:featuredmedia":[{"embeddable":true,"href":"https:\/\/borgosantopietro.com\/it\/wp-json\/wp\/v2\/media\/3368"}],"wp:attachment":[{"href":"https:\/\/borgosantopietro.com\/it\/wp-json\/wp\/v2\/media?parent=5313"}],"wp:term":[{"taxonomy":"category","embeddable":true,"href":"https:\/\/borgosantopietro.com\/it\/wp-json\/wp\/v2\/categories?post=5313"},{"taxonomy":"post_tag","embeddable":true,"href":"https:\/\/borgosantopietro.com\/it\/wp-json\/wp\/v2\/tags?post=5313"}],"curies":[{"name":"wp","href":"https:\/\/api.w.org\/{rel}","templated":true}]}}