{"id":19761,"date":"2020-07-08T17:35:27","date_gmt":"2020-07-08T15:35:27","guid":{"rendered":"https:\/\/borgosantopietro.com\/?page_id=19761"},"modified":"2025-02-03T11:43:29","modified_gmt":"2025-02-03T10:43:29","slug":"i-giardini-dellacqua","status":"publish","type":"page","link":"https:\/\/borgosantopietro.com\/it\/giardini\/i-giardini-dellacqua\/","title":{"rendered":"I Giardini dell&#8217;Acqua"},"content":{"rendered":"<ul>\n<li>\n<p>        <img decoding=\"async\" src=\"\/wp-content\/uploads\/2018\/08\/tuscan-lake-siena-hotel.jpg\" alt=\"Borgo Santo Pietro - water gardens\"><\/p>\n<h3>Borgo Santo Pietro &#8211; water gardens<\/h3>\n<p>Borgo Santo Pietro &#8211; water gardens<\/p>\n<\/li>\n<li>\n<p>        <img decoding=\"async\" src=\"\/wp-content\/uploads\/2021\/07\/IMG_2487.jpg\" alt=\"Borgo Santo Pietro - water gardens\"><\/p>\n<h3>Borgo Santo Pietro &#8211; water gardens<\/h3>\n<p>Borgo Santo Pietro &#8211; water gardens<\/p>\n<\/li>\n<li>\n<p>        <img decoding=\"async\" src=\"\/wp-content\/uploads\/2020\/01\/borgo-swimming-pool.jpg\" alt=\"Borgo Santo Pietro - water gardens\"><\/p>\n<h3>Borgo Santo Pietro &#8211; water gardens<\/h3>\n<p>Borgo Santo Pietro &#8211; water gardens<\/p>\n<\/li>\n<li>\n<p>        <img decoding=\"async\" src=\"\/wp-content\/uploads\/2021\/07\/IMG_0697.jpg\" alt=\"Borgo Santo Pietro - water gardens\"><\/p>\n<h3>Borgo Santo Pietro &#8211; water gardens<\/h3>\n<p>Borgo Santo Pietro &#8211; water gardens<\/p>\n<\/li>\n<li>\n<p>        <img decoding=\"async\" src=\"\/wp-content\/uploads\/2019\/08\/italian_garden-min-1.jpg\" alt=\"Borgo Santo Pietro - water gardens\"><\/p>\n<h3>Borgo Santo Pietro &#8211; water gardens<\/h3>\n<p>Borgo Santo Pietro &#8211; water gardens<\/p>\n<\/li>\n<\/ul>\n<p>[chevron-down]<\/p>\n<ul>\n<li>\n<p>        <img decoding=\"async\" src=\"\/wp-content\/uploads\/2018\/08\/tuscan-lake-siena-hotel.jpg\" alt=\"Borgo Santo Pietro - water gardens\"><\/p>\n<h3>Borgo Santo Pietro &#8211; water gardens<\/h3>\n<p>Borgo Santo Pietro &#8211; water gardens<\/p>\n<\/li>\n<li>\n<p>        <img decoding=\"async\" src=\"\/wp-content\/uploads\/2021\/07\/IMG_2487.jpg\" alt=\"Borgo Santo Pietro - water gardens\"><\/p>\n<h3>Borgo Santo Pietro &#8211; water gardens<\/h3>\n<p>Borgo Santo Pietro &#8211; water gardens<\/p>\n<\/li>\n<li>\n<p>        <img decoding=\"async\" src=\"\/wp-content\/uploads\/2020\/01\/borgo-swimming-pool.jpg\" alt=\"Borgo Santo Pietro - water gardens\"><\/p>\n<h3>Borgo Santo Pietro &#8211; water gardens<\/h3>\n<p>Borgo Santo Pietro &#8211; water gardens<\/p>\n<\/li>\n<li>\n<p>        <img decoding=\"async\" src=\"\/wp-content\/uploads\/2021\/07\/IMG_0697.jpg\" alt=\"Borgo Santo Pietro - water gardens\"><\/p>\n<h3>Borgo Santo Pietro &#8211; water gardens<\/h3>\n<p>Borgo Santo Pietro &#8211; water gardens<\/p>\n<\/li>\n<li>\n<p>        <img decoding=\"async\" src=\"\/wp-content\/uploads\/2019\/08\/italian_garden-min-1.jpg\" alt=\"Borgo Santo Pietro - water gardens\"><\/p>\n<h3>Borgo Santo Pietro &#8211; water gardens<\/h3>\n<p>Borgo Santo Pietro &#8211; water gardens<\/p>\n<\/li>\n<\/ul>\n<div>    <ul class=\"uk-subnav uk-margin-remove-bottom uk-subnav-divider uk-flex-right\" uk-margin>\n                    <li class=\"el-item uk-first-column \">\n                <a class=\"\" href=\"https:\/\/borgosantopietro.com\/it\/giardini\/\">\n                    I giardini                <\/a>\n            <\/li>\n                    <li class=\"el-item uk-first-column \">\n                <a class=\"\" href=\"https:\/\/borgosantopietro.com\/it\/giardini\/relax-nella-natura\/\">\n                    Relax nella natura                <\/a>\n            <\/li>\n                    <li class=\"el-item uk-first-column \">\n                <a class=\"\" href=\"https:\/\/borgosantopietro.com\/it\/giardini\/giardini-allitaliana\/\">\n                    Giardini all\u2019Italiana                <\/a>\n            <\/li>\n                    <li class=\"el-item uk-first-column uk-active\">\n                <a class=\"uk-text-primary\" href=\"https:\/\/borgosantopietro.com\/it\/giardini\/i-giardini-dellacqua\/\">\n                    I Giardini dell&#8217;Acqua                <\/a>\n            <\/li>\n                    <li class=\"el-item uk-first-column \">\n                <a class=\"\" href=\"https:\/\/borgosantopietro.com\/it\/giardini\/la-natura-selvaggia\/\">\n                    La natura selvaggia                <\/a>\n            <\/li>\n                    <li class=\"el-item uk-first-column \">\n                <a class=\"\" href=\"https:\/\/borgosantopietro.com\/it\/giardini\/orto-biologico\/\">\n                    Orto biologico                <\/a>\n            <\/li>\n            <\/ul>\n    <\/div>\n<div>\n\n<\/div>\n<h1>\n<p style=\"text-align: center;\">I Giardini dell&#8217;Acqua<\/p>\n<\/h1>\n<div>\n<p>Il suono dell&#8217;acqua che scorre \u00e8 sempre presente a Borgo Santo Pietro. Che provenga da un ruscello mormorante, le anatre che galleggiano nel lago, il getto delle fontane del giardino all&#8217;italiana o gli spruzzi dei canali, il fresco suono dell&#8217;acqua vi rinfrescher\u00e0 durante i giorni pi\u00f9 caldi, blandendo i sensi e incoraggiandovi ad avventurarvi ancor pi\u00f9 a fondo nell&#8217;esplorazione dei grandi giardini di Borgo Santo Pietro.<\/p>\n<p>Esplorate la bellezza dei nostri impeccabili Giardini dell&#8217;Acqua con un tour guidato che vi porter\u00e0 alla scoperta degli angoli verdi pi\u00f9 intimi e reconditi del Borgo: la vostra guida sar\u00e0 felice di condividere storie e aneddoti, oltre ad informazioni sulla flora e la storia locale.<\/p>\n<\/div>\n<p><!--more--><br \/>\n<!-- {\"name\":\"Gardini_ITA\",\"type\":\"layout\",\"children\":[{\"type\":\"section\",\"props\":{\"class\":\"uk-position-relative uk-visible@m\",\"header_transparent\":true,\"header_transparent_noplaceholder\":true,\"header_transparent_text_color\":\"light\",\"id\":\"main_slider\",\"image_position\":\"center-center\",\"padding\":\"none\",\"style\":\"default\",\"title_breakpoint\":\"xl\",\"title_position\":\"top-left\",\"title_rotation\":\"left\",\"vertical_align\":\"\",\"width\":\"\"},\"children\":[{\"type\":\"row\",\"children\":[{\"type\":\"column\",\"props\":{\"image_position\":\"center-center\",\"position_sticky_breakpoint\":\"m\",\"width_medium\":\"1-1\"},\"children\":[{\"name\":\"Water Gardens Desktop Slider\",\"type\":\"slideshow\",\"props\":{\"link_style\":\"default\",\"link_text\":\"Read more\",\"margin\":\"remove-vertical\",\"margin_remove_bottom\":true,\"margin_remove_top\":true,\"meta_align\":\"below-title\",\"meta_element\":\"div\",\"meta_style\":\"text-meta\",\"nav\":\"\",\"nav_align\":\"center\",\"nav_breakpoint\":\"s\",\"nav_position\":\"bottom-center\",\"nav_position_margin\":\"medium\",\"overlay_animation\":\"parallax\",\"overlay_position\":\"center-left\",\"show_content\":true,\"show_link\":true,\"show_meta\":false,\"show_thumbnail\":true,\"show_title\":false,\"slidenav\":\"default\",\"slidenav_breakpoint\":\"s\",\"slidenav_hover\":true,\"slidenav_large\":true,\"slidenav_margin\":\"medium\",\"slidenav_outside_breakpoint\":\"xl\",\"slideshow_animation\":\"fade\",\"slideshow_autoplay\":true,\"slideshow_autoplay_pause\":false,\"slideshow_height\":\"viewport\",\"slideshow_height_offset_top\":true,\"slideshow_min_height\":300,\"text_color\":\"light\",\"thumbnav_height\":\"75\",\"thumbnav_svg_color\":\"emphasis\",\"thumbnav_width\":\"100\",\"title_element\":\"h3\",\"title_hover_style\":\"reset\"},\"children\":[{\"type\":\"slideshow_item\",\"props\":{\"image\":\"wp-content\\\/uploads\\\/2018\\\/08\\\/tuscan-lake-siena-hotel.jpg\",\"image_alt\":\"Borgo Santo Pietro - water gardens\",\"meta\":\"Borgo Santo Pietro - water gardens\",\"title\":\"Borgo Santo Pietro - water gardens\"}},{\"type\":\"slideshow_item\",\"props\":{\"image\":\"wp-content\\\/uploads\\\/2021\\\/07\\\/IMG_2487.jpg\",\"image_alt\":\"Borgo Santo Pietro - water gardens\",\"meta\":\"Borgo Santo Pietro - water gardens\",\"title\":\"Borgo Santo Pietro - water gardens\"}},{\"type\":\"slideshow_item\",\"props\":{\"image\":\"wp-content\\\/uploads\\\/2020\\\/01\\\/borgo-swimming-pool.jpg\",\"image_alt\":\"Borgo Santo Pietro - water gardens\",\"meta\":\"Borgo Santo Pietro - water gardens\",\"title\":\"Borgo Santo Pietro - water gardens\"}},{\"type\":\"slideshow_item\",\"props\":{\"image\":\"wp-content\\\/uploads\\\/2021\\\/07\\\/IMG_0697.jpg\",\"image_alt\":\"Borgo Santo Pietro - water gardens\",\"meta\":\"Borgo Santo Pietro - water gardens\",\"title\":\"Borgo Santo Pietro - water gardens\"}},{\"type\":\"slideshow_item\",\"props\":{\"image\":\"wp-content\\\/uploads\\\/2019\\\/08\\\/italian_garden-min-1.jpg\",\"image_alt\":\"Borgo Santo Pietro - water gardens\",\"meta\":\"Borgo Santo Pietro - water gardens\",\"title\":\"Borgo Santo Pietro - water gardens\"}}]},{\"name\":\"Bounce scroll down\",\"type\":\"icon\",\"props\":{\"icon\":\"chevron-down\",\"icon_width\":60,\"id\":\"bounce_scroll_down\",\"margin\":\"default\",\"text_align\":\"center\"}}]}]}]},{\"type\":\"section\",\"props\":{\"class\":\"uk-position-relative uk-hidden@m\",\"header_transparent\":true,\"header_transparent_noplaceholder\":true,\"header_transparent_text_color\":\"light\",\"id\":\"main_slider\",\"image_position\":\"center-center\",\"padding\":\"none\",\"style\":\"default\",\"title_breakpoint\":\"xl\",\"title_position\":\"top-left\",\"title_rotation\":\"left\",\"vertical_align\":\"\",\"width\":\"\"},\"children\":[{\"type\":\"row\",\"children\":[{\"type\":\"column\",\"props\":{\"image_position\":\"center-center\",\"position_sticky_breakpoint\":\"m\",\"width_medium\":\"1-1\"},\"children\":[{\"name\":\"Water Gardens Mobile Slider\",\"type\":\"slideshow\",\"props\":{\"link_style\":\"default\",\"link_text\":\"Read more\",\"margin\":\"remove-vertical\",\"margin_remove_bottom\":true,\"margin_remove_top\":true,\"meta_align\":\"below-title\",\"meta_element\":\"div\",\"meta_style\":\"text-meta\",\"nav\":\"\",\"nav_align\":\"center\",\"nav_breakpoint\":\"s\",\"nav_position\":\"bottom-center\",\"nav_position_margin\":\"medium\",\"overlay_animation\":\"parallax\",\"overlay_position\":\"center-left\",\"show_content\":true,\"show_link\":true,\"show_meta\":false,\"show_thumbnail\":true,\"show_title\":false,\"slidenav\":\"default\",\"slidenav_breakpoint\":\"s\",\"slidenav_hover\":true,\"slidenav_large\":true,\"slidenav_margin\":\"medium\",\"slidenav_outside_breakpoint\":\"xl\",\"slideshow_animation\":\"fade\",\"slideshow_autoplay\":true,\"slideshow_autoplay_pause\":false,\"slideshow_min_height\":300,\"text_color\":\"light\",\"thumbnav_height\":\"75\",\"thumbnav_svg_color\":\"emphasis\",\"thumbnav_width\":\"100\",\"title_element\":\"h3\",\"title_hover_style\":\"reset\"},\"children\":[{\"type\":\"slideshow_item\",\"props\":{\"image\":\"wp-content\\\/uploads\\\/2018\\\/08\\\/tuscan-lake-siena-hotel.jpg\",\"image_alt\":\"Borgo Santo Pietro - water gardens\",\"meta\":\"Borgo Santo Pietro - water gardens\",\"title\":\"Borgo Santo Pietro - water gardens\"}},{\"type\":\"slideshow_item\",\"props\":{\"image\":\"wp-content\\\/uploads\\\/2021\\\/07\\\/IMG_2487.jpg\",\"image_alt\":\"Borgo Santo Pietro - water gardens\",\"meta\":\"Borgo Santo Pietro - water gardens\",\"title\":\"Borgo Santo Pietro - water gardens\"}},{\"type\":\"slideshow_item\",\"props\":{\"image\":\"wp-content\\\/uploads\\\/2020\\\/01\\\/borgo-swimming-pool.jpg\",\"image_alt\":\"Borgo Santo Pietro - water gardens\",\"meta\":\"Borgo Santo Pietro - water gardens\",\"title\":\"Borgo Santo Pietro - water gardens\"}},{\"type\":\"slideshow_item\",\"props\":{\"image\":\"wp-content\\\/uploads\\\/2021\\\/07\\\/IMG_0697.jpg\",\"image_alt\":\"Borgo Santo Pietro - water gardens\",\"meta\":\"Borgo Santo Pietro - water gardens\",\"title\":\"Borgo Santo Pietro - water gardens\"}},{\"type\":\"slideshow_item\",\"props\":{\"image\":\"wp-content\\\/uploads\\\/2019\\\/08\\\/italian_garden-min-1.jpg\",\"image_alt\":\"Borgo Santo Pietro - water gardens\",\"meta\":\"Borgo Santo Pietro - water gardens\",\"title\":\"Borgo Santo Pietro - water gardens\"}}]}]}]}]},{\"name\":\"submenu - main categories\",\"type\":\"section\",\"props\":{\"animation\":\"fade\",\"class\":\"uk-visible@s\",\"image_position\":\"center-center\",\"padding\":\"xsmall\",\"padding_remove_bottom\":true,\"style\":\"default\",\"title_breakpoint\":\"xl\",\"title_position\":\"top-left\",\"title_rotation\":\"left\",\"vertical_align\":\"\",\"width\":\"expand\"},\"children\":[{\"type\":\"row\",\"children\":[{\"type\":\"column\",\"props\":{\"image_position\":\"center-center\",\"position_sticky_breakpoint\":\"m\",\"width_medium\":\"1-1\"},\"children\":[{\"type\":\"text\",\"props\":{\"column_breakpoint\":\"m\",\"content\":\"[bsp_subcat_menu id=4650]\",\"margin\":\"default\"}}]}]}]},{\"type\":\"section\",\"props\":{\"class\":\"bsp-content-start\",\"image_position\":\"center-center\",\"padding_remove_bottom\":false,\"style\":\"default\",\"title_breakpoint\":\"xl\",\"title_position\":\"top-left\",\"title_rotation\":\"left\",\"vertical_align\":\"\",\"width\":\"default\"},\"children\":[{\"type\":\"row\",\"children\":[{\"type\":\"column\",\"props\":{\"image_position\":\"center-center\",\"position_sticky_breakpoint\":\"m\",\"width_medium\":\"1-1\"},\"children\":[{\"name\":\"breadcrumbs\",\"type\":\"text\",\"props\":{\"class\":\"bsp-breadcrumbs\",\"column_breakpoint\":\"m\",\"content\":\"\n\n<p>[wpseo_breadcrumb]<\\\/p>\",\"margin\":\"default\",\"text_align\":\"center\"}},{\"type\":\"headline\",\"props\":{\"content\":\"\n\n<p style=\\\"text-align: center;\\\">I Giardini dell'Acqua<\\\/p>\",\"title_element\":\"h1\"}},{\"type\":\"text\",\"props\":{\"block_align\":\"center\",\"column_breakpoint\":\"m\",\"content\":\"\n\n<p>Il suono dell'acqua che scorre \\u00e8 sempre presente a Borgo Santo Pietro. Che provenga da un ruscello mormorante, le anatre che galleggiano nel lago, il getto delle fontane del giardino all'italiana o gli spruzzi dei canali, il fresco suono dell'acqua vi rinfrescher\\u00e0 durante i giorni pi\\u00f9 caldi, blandendo i sensi e incoraggiandovi ad avventurarvi ancor pi\\u00f9 a fondo nell'esplorazione dei grandi giardini di Borgo Santo Pietro.<\\\/p>\\n\n\n<p>Esplorate la bellezza dei nostri impeccabili Giardini dell'Acqua con un tour guidato che vi porter\\u00e0 alla scoperta degli angoli verdi pi\\u00f9 intimi e reconditi del Borgo: la vostra guida sar\\u00e0 felice di condividere storie e aneddoti, oltre ad informazioni sulla flora e la storia locale.<\\\/p>\",\"margin\":\"default\",\"maxwidth\":\"2xlarge\",\"text_align\":\"center\"}}]}]}]}],\"version\":\"4.5.0\"} --><\/p>\n","protected":false},"excerpt":{"rendered":"<p>Borgo Santo Pietro &#8211; water gardens Borgo Santo Pietro &#8211; water gardens Borgo Santo Pietro &#8211; water gardens Borgo Santo Pietro &#8211; water gardens Borgo Santo Pietro &#8211; water gardens Borgo Santo Pietro &#8211; water gardens Borgo Santo Pietro &#8211; water gardens Borgo Santo Pietro &#8211; water gardens Borgo Santo Pietro &#8211; water gardens Borgo [&hellip;]<\/p>\n","protected":false},"author":5,"featured_media":0,"parent":4650,"menu_order":3,"comment_status":"closed","ping_status":"closed","template":"","meta":{"_acf_changed":false,"footnotes":""},"categories":[114],"tags":[],"class_list":["post-19761","page","type-page","status-publish","hentry","category-gardens-it"],"acf":[],"yoast_head":"<!-- This site is optimized with the Yoast SEO plugin v27.4 - https:\/\/yoast.com\/product\/yoast-seo-wordpress\/ -->\n<title>I Giardini dell&#039;Acqua | Borgo Santo Pietro<\/title>\n<meta name=\"description\" content=\"Esplorate la bellezza dei nostri impeccabili Giardini dell&#039;Acqua con un tour guidato che vi porter\u00e0 alla scoperta degli angoli verdi pi\u00f9 intimi e reconditi del Borgo: la vostra guida sar\u00e0 felice di condividere storie e aneddoti, oltre ad informazioni sulla flora e la storia locale.\" \/>\n<meta name=\"robots\" content=\"index, follow, max-snippet:-1, max-image-preview:large, max-video-preview:-1\" \/>\n<link rel=\"canonical\" href=\"https:\/\/borgosantopietro.com\/it\/giardini\/i-giardini-dellacqua\/\" \/>\n<meta property=\"og:locale\" content=\"it_IT\" \/>\n<meta property=\"og:type\" content=\"article\" \/>\n<meta property=\"og:title\" content=\"I Giardini dell&#039;Acqua | Borgo Santo Pietro\" \/>\n<meta property=\"og:description\" content=\"Esplorate la bellezza dei nostri impeccabili Giardini dell&#039;Acqua con un tour guidato che vi porter\u00e0 alla scoperta degli angoli verdi pi\u00f9 intimi e reconditi del Borgo: la vostra guida sar\u00e0 felice di condividere storie e aneddoti, oltre ad informazioni sulla flora e la storia locale.\" \/>\n<meta property=\"og:url\" content=\"https:\/\/borgosantopietro.com\/it\/giardini\/i-giardini-dellacqua\/\" \/>\n<meta property=\"og:site_name\" content=\"Borgo Santo Pietro\" \/>\n<meta property=\"article:publisher\" content=\"https:\/\/www.facebook.com\/BorgoSantoPietro\/\" \/>\n<meta property=\"article:modified_time\" content=\"2025-02-03T10:43:29+00:00\" \/>\n<meta name=\"twitter:card\" content=\"summary_large_image\" \/>\n<meta name=\"twitter:site\" content=\"@BorgoSPietro\" \/>\n<meta name=\"twitter:label1\" content=\"Tempo di lettura stimato\" \/>\n\t<meta name=\"twitter:data1\" content=\"1 minuto\" \/>\n<script type=\"application\/ld+json\" class=\"yoast-schema-graph\">{\"@context\":\"https:\\\/\\\/schema.org\",\"@graph\":[{\"@type\":\"WebPage\",\"@id\":\"https:\\\/\\\/borgosantopietro.com\\\/it\\\/giardini\\\/i-giardini-dellacqua\\\/\",\"url\":\"https:\\\/\\\/borgosantopietro.com\\\/it\\\/giardini\\\/i-giardini-dellacqua\\\/\",\"name\":\"I Giardini dell'Acqua | Borgo Santo Pietro\",\"isPartOf\":{\"@id\":\"https:\\\/\\\/borgosantopietro.com\\\/#website\"},\"datePublished\":\"2020-07-08T15:35:27+00:00\",\"dateModified\":\"2025-02-03T10:43:29+00:00\",\"description\":\"Esplorate la bellezza dei nostri impeccabili Giardini dell'Acqua con un tour guidato che vi porter\u00e0 alla scoperta degli angoli verdi pi\u00f9 intimi e reconditi del Borgo: la vostra guida sar\u00e0 felice di condividere storie e aneddoti, oltre ad informazioni sulla flora e la storia locale.\",\"breadcrumb\":{\"@id\":\"https:\\\/\\\/borgosantopietro.com\\\/it\\\/giardini\\\/i-giardini-dellacqua\\\/#breadcrumb\"},\"inLanguage\":\"it-IT\",\"potentialAction\":[{\"@type\":\"ReadAction\",\"target\":[\"https:\\\/\\\/borgosantopietro.com\\\/it\\\/giardini\\\/i-giardini-dellacqua\\\/\"]}]},{\"@type\":\"BreadcrumbList\",\"@id\":\"https:\\\/\\\/borgosantopietro.com\\\/it\\\/giardini\\\/i-giardini-dellacqua\\\/#breadcrumb\",\"itemListElement\":[{\"@type\":\"ListItem\",\"position\":1,\"name\":\"I giardini\",\"item\":\"https:\\\/\\\/borgosantopietro.com\\\/it\\\/giardini\\\/\"},{\"@type\":\"ListItem\",\"position\":2,\"name\":\"I Giardini dell&#8217;Acqua\"}]},{\"@type\":\"WebSite\",\"@id\":\"https:\\\/\\\/borgosantopietro.com\\\/#website\",\"url\":\"https:\\\/\\\/borgosantopietro.com\\\/\",\"name\":\"Borgo Santo Pietro\",\"description\":\"Boutique Hotel Tuscany | 5 Star Luxury Hotel\",\"publisher\":{\"@id\":\"https:\\\/\\\/borgosantopietro.com\\\/#organization\"},\"potentialAction\":[{\"@type\":\"SearchAction\",\"target\":{\"@type\":\"EntryPoint\",\"urlTemplate\":\"https:\\\/\\\/borgosantopietro.com\\\/?s={search_term_string}\"},\"query-input\":{\"@type\":\"PropertyValueSpecification\",\"valueRequired\":true,\"valueName\":\"search_term_string\"}}],\"inLanguage\":\"it-IT\"},{\"@type\":\"Organization\",\"@id\":\"https:\\\/\\\/borgosantopietro.com\\\/#organization\",\"name\":\"Relais Borgo Santo Pietro S.r.l.\",\"url\":\"https:\\\/\\\/borgosantopietro.com\\\/\",\"logo\":{\"@type\":\"ImageObject\",\"inLanguage\":\"it-IT\",\"@id\":\"https:\\\/\\\/borgosantopietro.com\\\/#\\\/schema\\\/logo\\\/image\\\/\",\"url\":\"https:\\\/\\\/staging.borgosantopietro.com\\\/wp-content\\\/uploads\\\/2018\\\/05\\\/logo-landing-new.png\",\"contentUrl\":\"https:\\\/\\\/staging.borgosantopietro.com\\\/wp-content\\\/uploads\\\/2018\\\/05\\\/logo-landing-new.png\",\"width\":824,\"height\":888,\"caption\":\"Relais Borgo Santo Pietro S.r.l.\"},\"image\":{\"@id\":\"https:\\\/\\\/borgosantopietro.com\\\/#\\\/schema\\\/logo\\\/image\\\/\"},\"sameAs\":[\"https:\\\/\\\/www.facebook.com\\\/BorgoSantoPietro\\\/\",\"https:\\\/\\\/x.com\\\/BorgoSPietro\"]}]}<\/script>\n<!-- \/ Yoast SEO plugin. -->","yoast_head_json":{"title":"I Giardini dell'Acqua | Borgo Santo Pietro","description":"Esplorate la bellezza dei nostri impeccabili Giardini dell'Acqua con un tour guidato che vi porter\u00e0 alla scoperta degli angoli verdi pi\u00f9 intimi e reconditi del Borgo: la vostra guida sar\u00e0 felice di condividere storie e aneddoti, oltre ad informazioni sulla flora e la storia locale.","robots":{"index":"index","follow":"follow","max-snippet":"max-snippet:-1","max-image-preview":"max-image-preview:large","max-video-preview":"max-video-preview:-1"},"canonical":"https:\/\/borgosantopietro.com\/it\/giardini\/i-giardini-dellacqua\/","og_locale":"it_IT","og_type":"article","og_title":"I Giardini dell'Acqua | Borgo Santo Pietro","og_description":"Esplorate la bellezza dei nostri impeccabili Giardini dell'Acqua con un tour guidato che vi porter\u00e0 alla scoperta degli angoli verdi pi\u00f9 intimi e reconditi del Borgo: la vostra guida sar\u00e0 felice di condividere storie e aneddoti, oltre ad informazioni sulla flora e la storia locale.","og_url":"https:\/\/borgosantopietro.com\/it\/giardini\/i-giardini-dellacqua\/","og_site_name":"Borgo Santo Pietro","article_publisher":"https:\/\/www.facebook.com\/BorgoSantoPietro\/","article_modified_time":"2025-02-03T10:43:29+00:00","twitter_card":"summary_large_image","twitter_site":"@BorgoSPietro","twitter_misc":{"Tempo di lettura stimato":"1 minuto"},"schema":{"@context":"https:\/\/schema.org","@graph":[{"@type":"WebPage","@id":"https:\/\/borgosantopietro.com\/it\/giardini\/i-giardini-dellacqua\/","url":"https:\/\/borgosantopietro.com\/it\/giardini\/i-giardini-dellacqua\/","name":"I Giardini dell'Acqua | Borgo Santo Pietro","isPartOf":{"@id":"https:\/\/borgosantopietro.com\/#website"},"datePublished":"2020-07-08T15:35:27+00:00","dateModified":"2025-02-03T10:43:29+00:00","description":"Esplorate la bellezza dei nostri impeccabili Giardini dell'Acqua con un tour guidato che vi porter\u00e0 alla scoperta degli angoli verdi pi\u00f9 intimi e reconditi del Borgo: la vostra guida sar\u00e0 felice di condividere storie e aneddoti, oltre ad informazioni sulla flora e la storia locale.","breadcrumb":{"@id":"https:\/\/borgosantopietro.com\/it\/giardini\/i-giardini-dellacqua\/#breadcrumb"},"inLanguage":"it-IT","potentialAction":[{"@type":"ReadAction","target":["https:\/\/borgosantopietro.com\/it\/giardini\/i-giardini-dellacqua\/"]}]},{"@type":"BreadcrumbList","@id":"https:\/\/borgosantopietro.com\/it\/giardini\/i-giardini-dellacqua\/#breadcrumb","itemListElement":[{"@type":"ListItem","position":1,"name":"I giardini","item":"https:\/\/borgosantopietro.com\/it\/giardini\/"},{"@type":"ListItem","position":2,"name":"I Giardini dell&#8217;Acqua"}]},{"@type":"WebSite","@id":"https:\/\/borgosantopietro.com\/#website","url":"https:\/\/borgosantopietro.com\/","name":"Borgo Santo Pietro","description":"Boutique Hotel Tuscany | 5 Star Luxury Hotel","publisher":{"@id":"https:\/\/borgosantopietro.com\/#organization"},"potentialAction":[{"@type":"SearchAction","target":{"@type":"EntryPoint","urlTemplate":"https:\/\/borgosantopietro.com\/?s={search_term_string}"},"query-input":{"@type":"PropertyValueSpecification","valueRequired":true,"valueName":"search_term_string"}}],"inLanguage":"it-IT"},{"@type":"Organization","@id":"https:\/\/borgosantopietro.com\/#organization","name":"Relais Borgo Santo Pietro S.r.l.","url":"https:\/\/borgosantopietro.com\/","logo":{"@type":"ImageObject","inLanguage":"it-IT","@id":"https:\/\/borgosantopietro.com\/#\/schema\/logo\/image\/","url":"https:\/\/staging.borgosantopietro.com\/wp-content\/uploads\/2018\/05\/logo-landing-new.png","contentUrl":"https:\/\/staging.borgosantopietro.com\/wp-content\/uploads\/2018\/05\/logo-landing-new.png","width":824,"height":888,"caption":"Relais Borgo Santo Pietro S.r.l."},"image":{"@id":"https:\/\/borgosantopietro.com\/#\/schema\/logo\/image\/"},"sameAs":["https:\/\/www.facebook.com\/BorgoSantoPietro\/","https:\/\/x.com\/BorgoSPietro"]}]}},"_links":{"self":[{"href":"https:\/\/borgosantopietro.com\/it\/wp-json\/wp\/v2\/pages\/19761","targetHints":{"allow":["GET"]}}],"collection":[{"href":"https:\/\/borgosantopietro.com\/it\/wp-json\/wp\/v2\/pages"}],"about":[{"href":"https:\/\/borgosantopietro.com\/it\/wp-json\/wp\/v2\/types\/page"}],"author":[{"embeddable":true,"href":"https:\/\/borgosantopietro.com\/it\/wp-json\/wp\/v2\/users\/5"}],"replies":[{"embeddable":true,"href":"https:\/\/borgosantopietro.com\/it\/wp-json\/wp\/v2\/comments?post=19761"}],"version-history":[{"count":10,"href":"https:\/\/borgosantopietro.com\/it\/wp-json\/wp\/v2\/pages\/19761\/revisions"}],"predecessor-version":[{"id":35211,"href":"https:\/\/borgosantopietro.com\/it\/wp-json\/wp\/v2\/pages\/19761\/revisions\/35211"}],"up":[{"embeddable":true,"href":"https:\/\/borgosantopietro.com\/it\/wp-json\/wp\/v2\/pages\/4650"}],"wp:attachment":[{"href":"https:\/\/borgosantopietro.com\/it\/wp-json\/wp\/v2\/media?parent=19761"}],"wp:term":[{"taxonomy":"category","embeddable":true,"href":"https:\/\/borgosantopietro.com\/it\/wp-json\/wp\/v2\/categories?post=19761"},{"taxonomy":"post_tag","embeddable":true,"href":"https:\/\/borgosantopietro.com\/it\/wp-json\/wp\/v2\/tags?post=19761"}],"curies":[{"name":"wp","href":"https:\/\/api.w.org\/{rel}","templated":true}]}}